{"id":11,"date":"2015-04-28T09:31:17","date_gmt":"2015-04-28T09:31:17","guid":{"rendered":"https:\/\/simonaleroy.com\/fr\/?page_id=11"},"modified":"2017-09-08T16:12:13","modified_gmt":"2017-09-08T16:12:13","slug":"bienvenu","status":"publish","type":"page","link":"https:\/\/www.simonaleroy.com\/fr\/","title":{"rendered":"Bienvenue"},"content":{"rendered":"<p style=\"text-align: justify;\">Je suis Simona LE ROY, conseill\u00e8re en parenting.<\/p>\n<p style=\"text-align: justify;\">\u00a0Passionn\u00e9e par le monde de l&#8217;\u00e9ducation, par les diff\u00e9rentes fa\u00e7ons d\u2019envisager le r\u00f4le de parent, j\u2019ai souvent questionn\u00e9 les d\u00e9marches habituelles, traditionnelles, afin de cr\u00e9er et de d\u00e9velopper de nouvelles m\u00e9thodes qui pourraient permettre \u00e0 chaque enfant de devenir un heureux Einstein!<br \/>\n<a href=\"https:\/\/www.youtube.com\/watch?v=eQnUCgxbiqc\"><img decoding=\"async\" src=\"https:\/\/simonaleroy.com\/fr\/wp-content\/uploads\/2016\/01\/a-1.png\" \/><\/a>\u00a0Adepte d\u2019une approche holistique dans l\u2018\u00e9ducation, j\u2019ai cr\u00e9e <a href=\"https:\/\/simonaleroy.com\/fr\/?p=135\">la m\u00e9thode PAF<\/a>. Une m\u00e9thode ludique pour les parents et \u00e9ducateurs dont le but est d\u2019apprendre aux enfants \u00e0 d\u00e9passer la peur d\u2019une mani\u00e8re positive, \u00e0 canaliser les \u00e9motions n\u00e9gatives pour les transformer en cr\u00e9ativit\u00e9.<\/p>\n<p style=\"text-align: justify;\">D\u00e9sirant toujours r\u00e9pondre au mieux aux besoins de chaque enfant, j\u2019ai cherch\u00e9 &#8211; <em><a href=\"https:\/\/simonaleroy.com\/fr\/?page_id=120\">dans l\u2019art, dans les contes, dans les po\u00e8mes et les proverbes, dans le sport, dans les sciences, dans les diff\u00e9rentes traditions <\/a><\/em>&#8211; des activit\u00e9s et jeux qui pourraient favoriser le d\u00e9veloppement de l&#8217;intelligence et de la cr\u00e9ativit\u00e9 de l\u2019enfant tout en augmentant sa r\u00e9silience, sa capacit\u00e9 \u00e0 s&#8217;adapter \u00e0 la vie et \u00e0 avoir un fort tonus mental.<\/p>\n<p><em>En utilisant une de mes m\u00e9thodes, les parents et les enfants transforment un moment difficile en une grande aventure, une merveilleuse exp\u00e9rience de vie, et \u00e0 travers cette exp\u00e9rience, ils deviennent plus forts, plus<\/em> <em>cr\u00e9atifs, plus<\/em><em> confiants en leurs propres forces ! Leurs t\u00e9moignages constituent ma plus grande satisfaction.<br \/>\n<\/em><\/p>\n","protected":false},"excerpt":{"rendered":"<p>Je suis Simona LE ROY, conseill\u00e8re en parenting. \u00a0Passionn\u00e9e par le monde de l&#8217;\u00e9ducation, par les diff\u00e9rentes fa\u00e7ons d\u2019envisager le r\u00f4le de parent, j\u2019ai souvent questionn\u00e9 les d\u00e9marches habituelles, traditionnelles, afin de cr\u00e9er et de d\u00e9velopper de nouvelles m\u00e9thodes qui pourraient permettre \u00e0 chaque enfant de devenir un heureux Einstein! \u00a0Adepte d\u2019une approche holistique dans [&hellip;]<\/p>\n","protected":false},"author":1,"featured_media":0,"parent":0,"menu_order":0,"comment_status":"open","ping_status":"open","template":"","meta":{"_monsterinsights_skip_tracking":false,"_monsterinsights_sitenote_active":false,"_monsterinsights_sitenote_note":"","_monsterinsights_sitenote_category":0,"footnotes":""},"class_list":["post-11","page","type-page","status-publish","hentry"],"_links":{"self":[{"href":"https:\/\/www.simonaleroy.com\/fr\/wp-json\/wp\/v2\/pages\/11","targetHints":{"allow":["GET"]}}],"collection":[{"href":"https:\/\/www.simonaleroy.com\/fr\/wp-json\/wp\/v2\/pages"}],"about":[{"href":"https:\/\/www.simonaleroy.com\/fr\/wp-json\/wp\/v2\/types\/page"}],"author":[{"embeddable":true,"href":"https:\/\/www.simonaleroy.com\/fr\/wp-json\/wp\/v2\/users\/1"}],"replies":[{"embeddable":true,"href":"https:\/\/www.simonaleroy.com\/fr\/wp-json\/wp\/v2\/comments?post=11"}],"version-history":[{"count":15,"href":"https:\/\/www.simonaleroy.com\/fr\/wp-json\/wp\/v2\/pages\/11\/revisions"}],"predecessor-version":[{"id":503,"href":"https:\/\/www.simonaleroy.com\/fr\/wp-json\/wp\/v2\/pages\/11\/revisions\/503"}],"wp:attachment":[{"href":"https:\/\/www.simonaleroy.com\/fr\/wp-json\/wp\/v2\/media?parent=11"}],"curies":[{"name":"wp","href":"https:\/\/api.w.org\/{rel}","templated":true}]}}